{"id":691,"date":"2018-03-08T17:17:55","date_gmt":"2018-03-08T16:17:55","guid":{"rendered":"http:\/\/ttchlodnictwo.pl\/?page_id=691"},"modified":"2023-07-25T09:49:08","modified_gmt":"2023-07-25T07:49:08","slug":"oferta-kategorie","status":"publish","type":"page","link":"https:\/\/ttchlodnictwo.pl\/index.php\/oferta-kategorie\/","title":{"rendered":"Oferta Kategorie"},"content":{"rendered":"<p>[et_pb_section fb_built=&#8221;1&#8243; fullwidth=&#8221;on&#8221; _builder_version=&#8221;4.16&#8243; global_colors_info=&#8221;{}&#8221;][et_pb_fullwidth_header title=&#8221;Oferta&#8221; background_overlay_color=&#8221;rgba(0,65,130,0.78)&#8221; _builder_version=&#8221;4.16&#8243; _module_preset=&#8221;default&#8221; background_image=&#8221;https:\/\/ttchlodnictwo.pl\/wp-content\/uploads\/2022\/01\/DSCF8411.jpg&#8221; custom_padding=&#8221;40px||||false|false&#8221; global_colors_info=&#8221;{}&#8221;]<\/p>\n<p>Zach\u0119camy do zapoznania si\u0119 szczeg\u00f3\u0142owo z nasz\u0105 propozycj\u0105 wsp\u00f3\u0142pracy.<\/p>\n<p>[\/et_pb_fullwidth_header][\/et_pb_section][et_pb_section fb_built=&#8221;1&#8243; _builder_version=&#8221;3.22&#8243; custom_padding=&#8221;26px||7px|||&#8221; global_module=&#8221;1289&#8243; saved_tabs=&#8221;all&#8221; global_colors_info=&#8221;{}&#8221;][et_pb_row column_structure=&#8221;1_3,1_3,1_3&#8243; use_custom_gutter=&#8221;on&#8221; gutter_width=&#8221;2&#8243; _builder_version=&#8221;4.16&#8243; background_size=&#8221;initial&#8221; background_position=&#8221;top_left&#8221; background_repeat=&#8221;repeat&#8221; custom_padding=&#8221;0px|0px|0px|0px&#8221; custom_width_px=&#8221;1221px&#8221; global_colors_info=&#8221;{}&#8221;][et_pb_column type=&#8221;1_3&#8243; _builder_version=&#8221;4.16&#8243; custom_padding=&#8221;|||&#8221; global_colors_info=&#8221;{}&#8221; custom_padding__hover=&#8221;|||&#8221;][et_pb_cta title=&#8221;Ch\u0142odnictwo&#8221; button_url=&#8221;https:\/\/ttchlodnictwo.pl\/index.php\/oferta_chlodnictwoprzemyslowe\/&#8221; button_text=&#8221;zobacz&#8221; _builder_version=&#8221;4.16&#8243; _module_preset=&#8221;default&#8221; background_image=&#8221;https:\/\/ttchlodnictwo.pl\/wp-content\/uploads\/2022\/01\/DJI_0385-2.jpg&#8221; custom_margin=&#8221;||20px||false|false&#8221; custom_padding=&#8221;150px||150px||false|false&#8221; border_width_all=&#8221;4px&#8221; border_color_all=&#8221;#FFFFFF&#8221; box_shadow_style=&#8221;preset1&#8243; global_colors_info=&#8221;{}&#8221;]<\/p>\n<p>przemys\u0142<\/p>\n<p>[\/et_pb_cta][et_pb_cta title=&#8221;Odzysk ciep\u0142a&#8221; button_url=&#8221;https:\/\/ttchlodnictwo.pl\/index.php\/oferta_odzysk\/&#8221; button_text=&#8221;zobacz&#8221; _builder_version=&#8221;4.16&#8243; _module_preset=&#8221;default&#8221; background_image=&#8221;https:\/\/ttchlodnictwo.pl\/wp-content\/uploads\/2022\/01\/DJI_0372-1.jpg&#8221; custom_margin=&#8221;||20px||false|false&#8221; custom_padding=&#8221;150px||150px||false|false&#8221; border_width_all=&#8221;4px&#8221; border_color_all=&#8221;#FFFFFF&#8221; box_shadow_style=&#8221;preset1&#8243; global_colors_info=&#8221;{}&#8221;]<\/p>\n<p>przemys\u0142<\/p>\n<p>[\/et_pb_cta][\/et_pb_column][et_pb_column type=&#8221;1_3&#8243; _builder_version=&#8221;4.16&#8243; custom_padding=&#8221;|||&#8221; global_colors_info=&#8221;{}&#8221; custom_padding__hover=&#8221;|||&#8221;][et_pb_cta title=&#8221;Klimatyzacja&#8221; button_url=&#8221;https:\/\/ttchlodnictwo.pl\/index.php\/oferta_klimatyzacja\/&#8221; button_text=&#8221;zobacz&#8221; _builder_version=&#8221;4.16&#8243; _module_preset=&#8221;default&#8221; background_image=&#8221;https:\/\/ttchlodnictwo.pl\/wp-content\/uploads\/2022\/01\/DSCF8403-1.jpg&#8221; custom_margin=&#8221;||20px||false|false&#8221; custom_padding=&#8221;150px||150px||false|false&#8221; border_width_all=&#8221;4px&#8221; border_color_all=&#8221;#FFFFFF&#8221; box_shadow_style=&#8221;preset1&#8243; global_colors_info=&#8221;{}&#8221;]<\/p>\n<p>oraz kurtyny powietrzne<\/p>\n<p>[\/et_pb_cta][et_pb_cta title=&#8221;Naprawa spr\u0119\u017carek&#8221; button_url=&#8221;https:\/\/ttchlodnictwo.pl\/index.php\/oferta_sprezarki\/&#8221; button_text=&#8221;zobacz&#8221; _builder_version=&#8221;4.16&#8243; _module_preset=&#8221;default&#8221; background_image=&#8221;https:\/\/ttchlodnictwo.pl\/wp-content\/uploads\/2022\/01\/DSCF8317-1.jpg&#8221; custom_margin=&#8221;||20px||false|false&#8221; custom_padding=&#8221;150px||150px||false|false&#8221; border_width_all=&#8221;4px&#8221; border_color_all=&#8221;#FFFFFF&#8221; box_shadow_style=&#8221;preset1&#8243; global_colors_info=&#8221;{}&#8221;]<\/p>\n<p>przemys\u0142<\/p>\n<p>[\/et_pb_cta][\/et_pb_column][et_pb_column type=&#8221;1_3&#8243; _builder_version=&#8221;4.16&#8243; custom_padding=&#8221;|||&#8221; global_colors_info=&#8221;{}&#8221; custom_padding__hover=&#8221;|||&#8221;][et_pb_cta title=&#8221;Wentylacja&#8221; button_url=&#8221;https:\/\/ttchlodnictwo.pl\/index.php\/oferta_wentylacja\/&#8221; button_text=&#8221;zobacz&#8221; _builder_version=&#8221;4.16&#8243; _module_preset=&#8221;default&#8221; background_image=&#8221;https:\/\/ttchlodnictwo.pl\/wp-content\/uploads\/2022\/01\/DSCF8273-1.jpg&#8221; custom_margin=&#8221;||20px||false|false&#8221; custom_padding=&#8221;150px||150px||false|false&#8221; border_width_all=&#8221;4px&#8221; border_color_all=&#8221;#FFFFFF&#8221; box_shadow_style=&#8221;preset1&#8243; global_colors_info=&#8221;{}&#8221;]<\/p>\n<p>przemys\u0142, biuro, mieszkanie<\/p>\n<p>[\/et_pb_cta][et_pb_cta title=&#8221;Serwis ca\u0142odobowy&#8221; button_url=&#8221;https:\/\/ttchlodnictwo.pl\/index.php\/oferta\/&#8221; button_text=&#8221;zobacz&#8221; _builder_version=&#8221;4.16&#8243; _module_preset=&#8221;default&#8221; background_image=&#8221;https:\/\/ttchlodnictwo.pl\/wp-content\/uploads\/2022\/01\/DSCF8524-1.jpg&#8221; custom_margin=&#8221;||20px||false|false&#8221; custom_padding=&#8221;150px||150px||false|false&#8221; border_width_all=&#8221;4px&#8221; border_color_all=&#8221;#FFFFFF&#8221; box_shadow_style=&#8221;preset1&#8243; global_colors_info=&#8221;{}&#8221;]<\/p>\n<p>gwarancyjny i pogwarancyjny<\/p>\n<p>[\/et_pb_cta][\/et_pb_column][\/et_pb_row][\/et_pb_section][et_pb_section fb_built=&#8221;1&#8243; fullwidth=&#8221;on&#8221; _builder_version=&#8221;4.16&#8243; global_colors_info=&#8221;{}&#8221;][et_pb_fullwidth_header text_orientation=&#8221;center&#8221; button_two_text=&#8221;Zadzwo\u0144&#8221; button_two_url=&#8221;tel:607090161&#8243; background_overlay_color=&#8221;rgba(0,65,130,0.78)&#8221; _builder_version=&#8221;4.16&#8243; _module_preset=&#8221;default&#8221; content_font_size=&#8221;18px&#8221; background_image=&#8221;https:\/\/ttchlodnictwo.pl\/wp-content\/uploads\/2022\/01\/DSCF8552.jpg&#8221; custom_button_one=&#8221;on&#8221; button_one_text_size=&#8221;19px&#8221; button_one_custom_margin_tablet=&#8221;&#8221; button_one_custom_margin_phone=&#8221;|||16px|false|false&#8221; button_one_custom_margin_last_edited=&#8221;on|phone&#8221; custom_margin=&#8221;12px|||||&#8221; custom_padding=&#8221;40px||||false|false&#8221; global_colors_info=&#8221;{}&#8221;]<\/p>\n<p align=\"justify\" style=\"text-align: center;\"><span style=\"color: #ffffff; font-size: small;\"><img loading=\"lazy\" decoding=\"async\" src=\"https:\/\/ttchlodnictwo.pl\/wp-content\/uploads\/2022\/01\/serwis100.png\" width=\"100\" height=\"100\" alt=\"\" class=\"wp-image-1121 aligncenter size-full\" \/><\/span><\/p>\n<p align=\"justify\" style=\"text-align: center;\"><span style=\"color: #ffffff; font-size: small;\"><\/span><\/p>\n<p align=\"justify\" style=\"text-align: center;\"><span style=\"color: #ffffff; font-size: small;\"><\/span><\/p>\n<p align=\"justify\" style=\"text-align: center;\"><span style=\"color: #ffffff; font-size: small;\"><br \/><span style=\"font-size: x-large;\"><br \/>Serwis ca\u0142odobowy<\/span><\/span><\/p>\n<p>&nbsp;<\/p>\n<p align=\"justify\" style=\"text-align: center;\"><span style=\"color: #ffffff; font-size: small;\">tel: <a href=\"tel:607090161\" style=\"color: #ffffff;\">607 090 161<\/a><br \/>tel. <a href=\"tel:607431931\" style=\"color: #ffffff;\">697 431 931<\/a><\/span><\/p>\n<p align=\"justify\" style=\"text-align: center;\"><span style=\"color: #ffffff; font-size: small;\"><a style=\"color: #ffffff;\" href=\"mailto:karol@ttchlodnictwo.pl\">karol@ttch<\/a><\/span><span style=\"color: #ffffff; font-size: small;\"><a style=\"color: #ffffff;\" href=\"mailto:karol@ttchlodnictwo.pl\">lodnictwo.pl<\/a><\/span><\/p>\n<p>[\/et_pb_fullwidth_header][\/et_pb_section][et_pb_section fb_built=&#8221;1&#8243; _builder_version=&#8221;4.14.5&#8243; _module_preset=&#8221;default&#8221; background_color=&#8221;#f2f2f2&#8243; background_enable_image=&#8221;off&#8221; global_module=&#8221;1305&#8243; saved_tabs=&#8221;all&#8221; global_colors_info=&#8221;{}&#8221;][et_pb_row column_structure=&#8221;1_4,1_4,1_4,1_4&#8243; _builder_version=&#8221;4.16&#8243; _module_preset=&#8221;default&#8221; background_enable_image=&#8221;off&#8221; global_colors_info=&#8221;{}&#8221;][et_pb_column type=&#8221;1_4&#8243; _builder_version=&#8221;4.16&#8243; _module_preset=&#8221;default&#8221; global_colors_info=&#8221;{}&#8221;][\/et_pb_column][et_pb_column type=&#8221;1_4&#8243; _builder_version=&#8221;4.16&#8243; _module_preset=&#8221;default&#8221; global_colors_info=&#8221;{}&#8221;][et_pb_image src=&#8221;https:\/\/ttchlodnictwo.pl\/wp-content\/uploads\/2018\/03\/LOGO-CDR.png&#8221; title_text=&#8221;LOGO CDR&#8221; _builder_version=&#8221;4.16&#8243; _module_preset=&#8221;default&#8221; global_colors_info=&#8221;{}&#8221;][\/et_pb_image][\/et_pb_column][et_pb_column type=&#8221;1_4&#8243; _builder_version=&#8221;4.16&#8243; _module_preset=&#8221;default&#8221; global_colors_info=&#8221;{}&#8221;][et_pb_text admin_label=&#8221;Text&#8221; _builder_version=&#8221;4.16&#8243; background_size=&#8221;initial&#8221; background_position=&#8221;top_left&#8221; background_repeat=&#8221;repeat&#8221; module_alignment=&#8221;left&#8221; text_orientation_tablet=&#8221;&#8221; text_orientation_phone=&#8221;center&#8221; text_orientation_last_edited=&#8221;on|phone&#8221; global_colors_info=&#8221;{}&#8221;]<\/p>\n<p><strong>Adres:<br \/><\/strong><span style=\"color: rgba(0, 65, 130, 0.78);\"><a href=\"https:\/\/www.google.pl\/maps\/place\/T+%26+T+Ch%C5%82odnictwo+s.c.\/@51.8882062,17.0997881,17z\/data=!3m1!4b1!4m5!3m4!1s0x47050de017be1ee1:0xcb1572105f9bb48b!8m2!3d51.8882029!4d17.1019768\" style=\"color: rgba(0, 65, 130, 0.78);\">T&amp;T Ch\u0142odnictwo Sp. z o.o.<\/a><\/span><br \/><span style=\"color: rgba(0, 65, 130, 0.78);\"><a href=\"https:\/\/www.google.pl\/maps\/place\/T+%26+T+Ch%C5%82odnictwo+s.c.\/@51.8882062,17.0997881,17z\/data=!3m1!4b1!4m5!3m4!1s0x47050de017be1ee1:0xcb1572105f9bb48b!8m2!3d51.8882029!4d17.1019768\" style=\"color: rgba(0, 65, 130, 0.78);\"> ul. Warszawska 100 <br \/>63-820 Piaski<\/a><\/span><\/p>\n<p><strong>Telefon stacjonarny:<span>\u00a0<\/span><\/strong><span><span style=\"color: rgba(0, 65, 130, 0.78);\"><a href=\"tel:655722258\" style=\"color: rgba(0, 65, 130, 0.78);\">65 572 22 5<\/a>8<\/span><br \/><\/span><span><\/span><strong>E-mail:<\/strong>\u00a0<span style=\"color: rgba(0, 65, 130, 0.78);\"><a href=\"mailto:info@ttchlodnictwo.pl\" style=\"color: rgba(0, 65, 130, 0.78);\">info@ttchlodnictwo.pl<\/a><\/span><\/p>\n<p>[\/et_pb_text][\/et_pb_column][et_pb_column type=&#8221;1_4&#8243; _builder_version=&#8221;4.16&#8243; _module_preset=&#8221;default&#8221; global_colors_info=&#8221;{}&#8221;][\/et_pb_column][\/et_pb_row][\/et_pb_section]<\/p>\n","protected":false},"excerpt":{"rendered":"<p>Zach\u0119camy do zapoznania si\u0119 szczeg\u00f3\u0142owo z nasz\u0105 propozycj\u0105 wsp\u00f3\u0142pracy.przemys\u0142przemys\u0142oraz kurtyny powietrzneprzemys\u0142przemys\u0142, biuro, mieszkaniegwarancyjny i pogwarancyjny Serwis ca\u0142odobowy &nbsp; tel: 607 090 161tel. 697 431 931 karol@ttchlodnictwo.plAdres:T&amp;T Ch\u0142odnictwo Sp. z o.o. ul. Warszawska 100 63-820 Piaski Telefon stacjonarny:\u00a065 572 22 58E-mail:\u00a0info@ttchlodnictwo.pl<\/p>\n","protected":false},"author":1,"featured_media":0,"parent":0,"menu_order":0,"comment_status":"closed","ping_status":"closed","template":"","meta":{"_et_pb_use_builder":"on","_et_pb_old_content":"","_et_gb_content_width":"","footnotes":""},"class_list":["post-691","page","type-page","status-publish","hentry"],"_links":{"self":[{"href":"https:\/\/ttchlodnictwo.pl\/index.php\/wp-json\/wp\/v2\/pages\/691","targetHints":{"allow":["GET"]}}],"collection":[{"href":"https:\/\/ttchlodnictwo.pl\/index.php\/wp-json\/wp\/v2\/pages"}],"about":[{"href":"https:\/\/ttchlodnictwo.pl\/index.php\/wp-json\/wp\/v2\/types\/page"}],"author":[{"embeddable":true,"href":"https:\/\/ttchlodnictwo.pl\/index.php\/wp-json\/wp\/v2\/users\/1"}],"replies":[{"embeddable":true,"href":"https:\/\/ttchlodnictwo.pl\/index.php\/wp-json\/wp\/v2\/comments?post=691"}],"version-history":[{"count":34,"href":"https:\/\/ttchlodnictwo.pl\/index.php\/wp-json\/wp\/v2\/pages\/691\/revisions"}],"predecessor-version":[{"id":1853,"href":"https:\/\/ttchlodnictwo.pl\/index.php\/wp-json\/wp\/v2\/pages\/691\/revisions\/1853"}],"wp:attachment":[{"href":"https:\/\/ttchlodnictwo.pl\/index.php\/wp-json\/wp\/v2\/media?parent=691"}],"curies":[{"name":"wp","href":"https:\/\/api.w.org\/{rel}","templated":true}]}}