{"id":619,"date":"2018-03-08T15:37:04","date_gmt":"2018-03-08T14:37:04","guid":{"rendered":"http:\/\/ttchlodnictwo.pl\/?page_id=619"},"modified":"2022-03-04T15:06:24","modified_gmt":"2022-03-04T14:06:24","slug":"oferta_wentylacja","status":"publish","type":"page","link":"https:\/\/ttchlodnictwo.pl\/index.php\/oferta_wentylacja\/","title":{"rendered":"oferta_wentylacja"},"content":{"rendered":"<p>[et_pb_section fb_built=&#8221;1&#8243; fullwidth=&#8221;on&#8221; _builder_version=&#8221;3.22&#8243; global_colors_info=&#8221;{}&#8221;][et_pb_fullwidth_header title=&#8221;WENTYLACJA&#8221; background_overlay_color=&#8221;rgba(0,65,130,0.78)&#8221; _builder_version=&#8221;4.14.5&#8243; _module_preset=&#8221;default&#8221; background_image=&#8221;https:\/\/ttchlodnictwo.pl\/wp-content\/uploads\/2022\/01\/DSCF8236.jpg&#8221; custom_padding=&#8221;40px||||false|false&#8221; global_colors_info=&#8221;{}&#8221;]<\/p>\n<p>przemys\u0142, biuro, mieszkanie<\/p>\n<p>[\/et_pb_fullwidth_header][\/et_pb_section][et_pb_section fb_built=&#8221;1&#8243; admin_label=&#8221;section&#8221; _builder_version=&#8221;3.22&#8243; custom_padding=&#8221;0px|0px|0px|0px&#8221; global_colors_info=&#8221;{}&#8221;][et_pb_row use_custom_gutter=&#8221;on&#8221; gutter_width=&#8221;2&#8243; admin_label=&#8221;row&#8221; _builder_version=&#8221;3.25&#8243; background_size=&#8221;initial&#8221; background_position=&#8221;top_left&#8221; background_repeat=&#8221;repeat&#8221; custom_padding=&#8221;58px|0px|0px|0px&#8221; global_colors_info=&#8221;{}&#8221;][et_pb_column type=&#8221;4_4&#8243; _builder_version=&#8221;3.25&#8243; custom_padding=&#8221;|||&#8221; global_colors_info=&#8221;{}&#8221; custom_padding__hover=&#8221;|||&#8221;][et_pb_text _builder_version=&#8221;4.14.7&#8243; custom_padding=&#8221;|||30px&#8221; border_width_left=&#8221;3px&#8221; border_color_left=&#8221;rgba(0,65,130,0.78)&#8221; global_colors_info=&#8221;{}&#8221;]<\/p>\n<p>Firma T&amp;T Ch\u0142odnictwo specjalizuje si\u0119 w budowie system\u00f3w wentylacji. Rocznie wykonujemy kilka du\u017cych projekt\u00f3w, przez co po 10 latach istnienia na rynku lista zako\u0144czonych przez nas realizacji jest do\u015b\u0107 poka\u017ana. To mo\u017ce r\u00f3wnie\u017c przekona\u0107 Klient\u00f3w, jak du\u017cym do\u015bwiadczeniem dysponujemy zar\u00f3wno w projekcie, monta\u017cu, doborze komponent\u00f3w jak i p\u00f3\u017aniejszym serwisowaniu uk\u0142ad\u00f3w ch\u0142odniczych.<\/p>\n<p>Nasza oferta obejmuje:<\/p>\n<p>[\/et_pb_text][\/et_pb_column][\/et_pb_row][et_pb_row column_structure=&#8221;1_4,1_4,1_4,1_4&#8243; _builder_version=&#8221;4.14.6&#8243; _module_preset=&#8221;default&#8221; width=&#8221;70%&#8221; custom_padding=&#8221;||67px|||&#8221; global_colors_info=&#8221;{}&#8221;][et_pb_column type=&#8221;1_4&#8243; _builder_version=&#8221;4.14.6&#8243; _module_preset=&#8221;default&#8221; global_colors_info=&#8221;{}&#8221;][et_pb_icon font_icon=&#8221;&#xe00e;||divi||400&#8243; icon_color=&#8221;rgba(0,65,130,0.78)&#8221; icon_width=&#8221;81px&#8221; _builder_version=&#8221;4.14.6&#8243; _module_preset=&#8221;default&#8221; custom_margin=&#8221;||20px||false|false&#8221; global_colors_info=&#8221;{}&#8221;][\/et_pb_icon][et_pb_divider color=&#8221;rgba(0,65,130,0.78)&#8221; divider_position=&#8221;center&#8221; _builder_version=&#8221;4.14.6&#8243; _module_preset=&#8221;default&#8221; width=&#8221;70%&#8221; module_alignment=&#8221;center&#8221; custom_margin=&#8221;0px||0px||false|false&#8221; custom_padding=&#8221;0px||0px||false|false&#8221; global_colors_info=&#8221;{}&#8221;][\/et_pb_divider][et_pb_text _builder_version=&#8221;4.14.6&#8243; _module_preset=&#8221;default&#8221; text_orientation=&#8221;center&#8221; custom_margin=&#8221;15px||||false|false&#8221; global_colors_info=&#8221;{}&#8221;]<\/p>\n<p><strong>Projekt \u2013 optymalne dostosowanie do wymog\u00f3w jak i potrzeb Klienta<\/strong><\/p>\n<p>[\/et_pb_text][\/et_pb_column][et_pb_column type=&#8221;1_4&#8243; _builder_version=&#8221;4.14.6&#8243; _module_preset=&#8221;default&#8221; global_colors_info=&#8221;{}&#8221;][et_pb_icon font_icon=&#8221;&#xe60d;||divi||400&#8243; icon_color=&#8221;rgba(0,65,130,0.78)&#8221; icon_width=&#8221;81px&#8221; _builder_version=&#8221;4.14.6&#8243; _module_preset=&#8221;default&#8221; custom_margin=&#8221;||20px||false|false&#8221; global_colors_info=&#8221;{}&#8221;][\/et_pb_icon][et_pb_divider color=&#8221;rgba(0,65,130,0.78)&#8221; divider_position=&#8221;center&#8221; _builder_version=&#8221;4.14.6&#8243; _module_preset=&#8221;default&#8221; width=&#8221;70%&#8221; module_alignment=&#8221;center&#8221; custom_margin=&#8221;0px||0px||false|false&#8221; custom_padding=&#8221;0px||0px||false|false&#8221; global_colors_info=&#8221;{}&#8221;][\/et_pb_divider][et_pb_text _builder_version=&#8221;4.14.6&#8243; _module_preset=&#8221;default&#8221; text_orientation=&#8221;center&#8221; custom_margin=&#8221;15px||||false|false&#8221; global_colors_info=&#8221;{}&#8221;]<\/p>\n<p><strong>Terminowe wykonawstwo<\/strong><\/p>\n<p>[\/et_pb_text][\/et_pb_column][et_pb_column type=&#8221;1_4&#8243; _builder_version=&#8221;4.14.6&#8243; _module_preset=&#8221;default&#8221; global_colors_info=&#8221;{}&#8221;][et_pb_icon font_icon=&#8221;&#x6c;||divi||400&#8243; icon_color=&#8221;rgba(0,65,130,0.78)&#8221; icon_width=&#8221;81px&#8221; _builder_version=&#8221;4.14.6&#8243; _module_preset=&#8221;default&#8221; custom_margin=&#8221;||20px||false|false&#8221; global_colors_info=&#8221;{}&#8221;][\/et_pb_icon][et_pb_divider color=&#8221;rgba(0,65,130,0.78)&#8221; divider_position=&#8221;center&#8221; _builder_version=&#8221;4.14.6&#8243; _module_preset=&#8221;default&#8221; width=&#8221;70%&#8221; module_alignment=&#8221;center&#8221; custom_margin=&#8221;0px||0px||false|false&#8221; custom_padding=&#8221;0px||0px||false|false&#8221; global_colors_info=&#8221;{}&#8221;][\/et_pb_divider][et_pb_text _builder_version=&#8221;4.14.6&#8243; _module_preset=&#8221;default&#8221; text_orientation=&#8221;center&#8221; custom_margin=&#8221;15px||||false|false&#8221; global_colors_info=&#8221;{}&#8221;]<\/p>\n<p><strong>Opracowanie dokumentacji technicznej<\/strong><\/p>\n<p>[\/et_pb_text][\/et_pb_column][et_pb_column type=&#8221;1_4&#8243; _builder_version=&#8221;4.14.6&#8243; _module_preset=&#8221;default&#8221; global_colors_info=&#8221;{}&#8221;][et_pb_icon font_icon=&#8221;&#x69;||divi||400&#8243; icon_color=&#8221;rgba(0,65,130,0.78)&#8221; icon_width=&#8221;81px&#8221; _builder_version=&#8221;4.14.6&#8243; _module_preset=&#8221;default&#8221; custom_margin=&#8221;||20px||false|false&#8221; global_colors_info=&#8221;{}&#8221;][\/et_pb_icon][et_pb_divider color=&#8221;rgba(0,65,130,0.78)&#8221; divider_position=&#8221;center&#8221; _builder_version=&#8221;4.14.6&#8243; _module_preset=&#8221;default&#8221; width=&#8221;70%&#8221; module_alignment=&#8221;center&#8221; custom_margin=&#8221;0px||0px||false|false&#8221; custom_padding=&#8221;0px||0px||false|false&#8221; global_colors_info=&#8221;{}&#8221;][\/et_pb_divider][et_pb_text _builder_version=&#8221;4.14.6&#8243; _module_preset=&#8221;default&#8221; text_orientation=&#8221;center&#8221; custom_margin=&#8221;15px||||false|false&#8221; global_colors_info=&#8221;{}&#8221;]<\/p>\n<p><strong>Opracowanie dokumentacji UDT<\/strong><\/p>\n<p>[\/et_pb_text][\/et_pb_column][\/et_pb_row][\/et_pb_section][et_pb_section fb_built=&#8221;1&#8243; admin_label=&#8221;section&#8221; _builder_version=&#8221;4.14.6&#8243; background_color=&#8221;rgba(0,65,130,0.78)&#8221; use_background_color_gradient=&#8221;on&#8221; background_color_gradient_start=&#8221;rgba(0,65,130,0.78)&#8221; background_color_gradient_end=&#8221;rgba(39,83,130,0.96)&#8221; background_color_gradient_overlays_image=&#8221;on&#8221; background_image=&#8221;https:\/\/ttchlodnictwo.pl\/wp-content\/uploads\/2022\/01\/DSCF0601-1.jpg&#8221; custom_padding=&#8221;0px|0px|0px|0px&#8221; global_colors_info=&#8221;{}&#8221;][et_pb_row column_structure=&#8221;1_4,3_4&#8243; use_custom_gutter=&#8221;on&#8221; gutter_width=&#8221;2&#8243; custom_padding_last_edited=&#8221;on|tablet&#8221; admin_label=&#8221;row&#8221; _builder_version=&#8221;3.25&#8243; background_size=&#8221;initial&#8221; background_position=&#8221;top_left&#8221; background_repeat=&#8221;repeat&#8221; custom_padding=&#8221;68px|0px|0px|0px||&#8221; custom_padding_tablet=&#8221;0px|||&#8221; custom_padding_phone=&#8221;0px|0px|0px|0px&#8221; global_colors_info=&#8221;{}&#8221;][et_pb_column type=&#8221;1_4&#8243; _builder_version=&#8221;3.25&#8243; custom_padding=&#8221;|||&#8221; global_colors_info=&#8221;{}&#8221; custom_padding__hover=&#8221;|||&#8221;][et_pb_blurb use_icon=&#8221;on&#8221; font_icon=&#8221;&#xf021;||fa||900&#8243; icon_color=&#8221;rgba(0,65,130,0.78)&#8221; image_icon_background_color=&#8221;#FFFFFF&#8221; image_icon_width=&#8221;48px&#8221; module_class=&#8221;nomobile&#8221; _builder_version=&#8221;4.14.8&#8243; image_icon_custom_padding=&#8221;25px|25px|25px|25px|false|false&#8221; custom_margin=&#8221;0px||0px|&#8221; custom_padding=&#8221;10px||0px|66%&#8221; animation=&#8221;off&#8221; hover_enabled=&#8221;0&#8243; border_radii_image=&#8221;on|100%|100%|100%|100%&#8221; use_circle=&#8221;on&#8221; global_colors_info=&#8221;{}&#8221; image_icon_background_color__sticky_enabled=&#8221;#0ca3d6&#8243; image_icon_background_color__sticky=&#8221;#0ca3d6&#8243; disabled_on=&#8221;on|on|off&#8221; sticky_enabled=&#8221;0&#8243;][\/et_pb_blurb][\/et_pb_column][et_pb_column type=&#8221;3_4&#8243; _builder_version=&#8221;3.25&#8243; custom_padding=&#8221;|||&#8221; global_colors_info=&#8221;{}&#8221; custom_padding__hover=&#8221;|||&#8221;][et_pb_text _builder_version=&#8221;4.14.6&#8243; text_font=&#8221;|300|||||||&#8221; text_text_color=&#8221;#FFFFFF&#8221; custom_margin=&#8221;0px|||&#8221; custom_padding=&#8221;||93px|30px||&#8221; custom_padding_tablet=&#8221;||0px|0px&#8221; custom_padding_phone=&#8221;0px||0px|0px&#8221; custom_padding_last_edited=&#8221;on|tablet&#8221; border_color_left=&#8221;#00A0E3&#8243; global_colors_info=&#8221;{}&#8221;]<\/p>\n<p><span style=\"font-size: large;\"><strong>OFERUJEMY<\/strong><\/span><\/p>\n<p>&#8211; doradztwo i pomoc w wyborze wentylacji dla firm i klient\u00f3w indywidualnych<br \/>&#8211; projekty i realizacje system\u00f3w wentylacji dla biur i mieszka\u0144 a tak\u017ce obiekt\u00f3w przemys\u0142owych.<\/p>\n<p>[\/et_pb_text][\/et_pb_column][\/et_pb_row][et_pb_row column_structure=&#8221;1_4,3_4&#8243; use_custom_gutter=&#8221;on&#8221; gutter_width=&#8221;2&#8243; admin_label=&#8221;row&#8221; _builder_version=&#8221;3.25&#8243; background_size=&#8221;initial&#8221; background_position=&#8221;top_left&#8221; background_repeat=&#8221;repeat&#8221; custom_padding=&#8221;0px|0px|0px|0px&#8221; global_colors_info=&#8221;{}&#8221;][et_pb_column type=&#8221;1_4&#8243; _builder_version=&#8221;3.25&#8243; custom_padding=&#8221;|||&#8221; global_colors_info=&#8221;{}&#8221; custom_padding__hover=&#8221;|||&#8221;][et_pb_blurb use_icon=&#8221;on&#8221; font_icon=&#8221;&#xe038;||divi||400&#8243; icon_color=&#8221;rgba(0,65,130,0.78)&#8221; image_icon_background_color=&#8221;#FFFFFF&#8221; image_icon_width=&#8221;48px&#8221; module_class=&#8221;nomobile&#8221; _builder_version=&#8221;4.14.8&#8243; image_icon_custom_padding=&#8221;25px|25px|25px|25px|false|false&#8221; custom_margin=&#8221;|||&#8221; custom_padding=&#8221;|||66%&#8221; animation=&#8221;off&#8221; hover_enabled=&#8221;0&#8243; border_radii_image=&#8221;on|100%|100%|100%|100%&#8221; use_circle=&#8221;on&#8221; global_colors_info=&#8221;{}&#8221; image_icon_background_color__sticky_enabled=&#8221;#0ca3d6&#8243; image_icon_background_color__sticky=&#8221;#0ca3d6&#8243; disabled_on=&#8221;on|on|off&#8221; sticky_enabled=&#8221;0&#8243;][\/et_pb_blurb][\/et_pb_column][et_pb_column type=&#8221;3_4&#8243; _builder_version=&#8221;3.25&#8243; custom_padding=&#8221;|||&#8221; global_colors_info=&#8221;{}&#8221; custom_padding__hover=&#8221;|||&#8221;][et_pb_text _builder_version=&#8221;4.14.8&#8243; text_font=&#8221;|300|||||||&#8221; text_text_color=&#8221;#FFFFFF&#8221; custom_margin=&#8221;0px|||&#8221; custom_padding=&#8221;||80px|30px&#8221; custom_padding_tablet=&#8221;||0px|0px&#8221; custom_padding_phone=&#8221;0px||50px|0px|false|false&#8221; custom_padding_last_edited=&#8221;on|tablet&#8221; hover_enabled=&#8221;0&#8243; border_color_left=&#8221;#00A0E3&#8243; global_colors_info=&#8221;{}&#8221; sticky_enabled=&#8221;0&#8243;]<\/p>\n<p><span style=\"font-size: large;\"><strong>MONTUJEMY I SERWISUJEMY<\/strong><\/span><\/p>\n<p>&#8211; kana\u0142y wentylacyjne,<br \/>&#8211; nagrzewnice i wentylatory kana\u0142owe, dachowe i zespo\u0142y wentylator\u00f3w<\/p>\n<p>[\/et_pb_text][\/et_pb_column][\/et_pb_row][\/et_pb_section][et_pb_section fb_built=&#8221;1&#8243; _builder_version=&#8221;4.14.5&#8243; _module_preset=&#8221;default&#8221; custom_margin=&#8221;0px||0px||false|false&#8221; custom_padding=&#8221;0px||0px||false|false&#8221; global_colors_info=&#8221;{}&#8221;][et_pb_row use_custom_gutter=&#8221;on&#8221; gutter_width=&#8221;1&#8243; _builder_version=&#8221;4.14.6&#8243; _module_preset=&#8221;default&#8221; width=&#8221;100%&#8221; max_width=&#8221;4000px&#8221; custom_margin=&#8221;0px||0px||false|false&#8221; custom_padding=&#8221;0px||0px||false|false&#8221; global_colors_info=&#8221;{}&#8221;][et_pb_column type=&#8221;4_4&#8243; _builder_version=&#8221;4.14.5&#8243; _module_preset=&#8221;default&#8221; global_colors_info=&#8221;{}&#8221;][et_pb_gallery gallery_ids=&#8221;1209,1207,1206,1204&#8243; show_title_and_caption=&#8221;off&#8221; show_pagination=&#8221;off&#8221; hover_overlay_color=&#8221;rgba(0,65,130,0.78)&#8221; _builder_version=&#8221;4.14.8&#8243; _module_preset=&#8221;default&#8221; hover_enabled=&#8221;0&#8243; global_colors_info=&#8221;{}&#8221; sticky_enabled=&#8221;0&#8243;][\/et_pb_gallery][\/et_pb_column][\/et_pb_row][\/et_pb_section][et_pb_section fb_built=&#8221;1&#8243; fullwidth=&#8221;on&#8221; _builder_version=&#8221;3.22&#8243; global_module=&#8221;1307&#8243; global_colors_info=&#8221;{}&#8221;][et_pb_fullwidth_header text_orientation=&#8221;center&#8221; button_two_text=&#8221;Zadzwo\u0144&#8221; button_two_url=&#8221;tel:607090161&#8243; background_overlay_color=&#8221;rgba(0,65,130,0.78)&#8221; _builder_version=&#8221;4.14.6&#8243; _module_preset=&#8221;default&#8221; content_font_size=&#8221;18px&#8221; background_image=&#8221;https:\/\/ttchlodnictwo.pl\/wp-content\/uploads\/2022\/01\/DSCF8552.jpg&#8221; custom_button_one=&#8221;on&#8221; button_one_text_size=&#8221;19px&#8221; button_one_custom_margin_tablet=&#8221;&#8221; button_one_custom_margin_phone=&#8221;|||16px|false|false&#8221; button_one_custom_margin_last_edited=&#8221;on|phone&#8221; custom_margin=&#8221;0px||||false|false&#8221; custom_padding=&#8221;40px||||false|false&#8221; global_colors_info=&#8221;{}&#8221;]<\/p>\n<p align=\"justify\" style=\"text-align: center;\"><span style=\"color: #ffffff; font-size: small;\"><img loading=\"lazy\" decoding=\"async\" src=\"https:\/\/ttchlodnictwo.pl\/wp-content\/uploads\/2022\/01\/serwis100.png\" width=\"100\" height=\"100\" alt=\"\" class=\"wp-image-1121 aligncenter size-full\" \/><\/span><\/p>\n<p align=\"justify\" style=\"text-align: center;\"><span style=\"color: #ffffff; font-size: small;\"><\/span><\/p>\n<p align=\"justify\" style=\"text-align: center;\"><span style=\"color: #ffffff; font-size: small;\"><\/span><\/p>\n<p align=\"justify\" style=\"text-align: center;\"><span style=\"color: #ffffff; font-size: small;\"><br \/><span style=\"font-size: x-large;\"><br \/>Serwis ca\u0142odobowy<\/span><\/span><\/p>\n<p>&nbsp;<\/p>\n<p align=\"justify\" style=\"text-align: center;\"><span style=\"color: #ffffff; font-size: small;\">tel: <a href=\"tel:607090161\" style=\"color: #ffffff;\">607 090 161<\/a><br \/>tel. <a href=\"tel:607431931\" style=\"color: #ffffff;\">607 431 931<\/a><\/span><\/p>\n<p align=\"justify\" style=\"text-align: center;\"><span style=\"color: #ffffff; font-size: small;\"><a style=\"color: #ffffff;\" href=\"mailto:karol@ttchlodnictwo.pl\">karol@ttch<\/a><\/span><span style=\"color: #ffffff; font-size: small;\"><a style=\"color: #ffffff;\" href=\"mailto:karol@ttchlodnictwo.pl\">lodnictwo.pl<\/a><\/span><\/p>\n<p>[\/et_pb_fullwidth_header][\/et_pb_section][et_pb_section fb_built=&#8221;1&#8243; _builder_version=&#8221;4.14.5&#8243; _module_preset=&#8221;default&#8221; background_color=&#8221;#f2f2f2&#8243; background_enable_image=&#8221;off&#8221; global_module=&#8221;1305&#8243; saved_tabs=&#8221;all&#8221; global_colors_info=&#8221;{}&#8221;][et_pb_row column_structure=&#8221;1_4,1_4,1_4,1_4&#8243; _builder_version=&#8221;4.14.5&#8243; _module_preset=&#8221;default&#8221; background_enable_image=&#8221;off&#8221; global_colors_info=&#8221;{}&#8221;][et_pb_column type=&#8221;1_4&#8243; _builder_version=&#8221;4.14.5&#8243; _module_preset=&#8221;default&#8221; global_colors_info=&#8221;{}&#8221;][\/et_pb_column][et_pb_column type=&#8221;1_4&#8243; _builder_version=&#8221;4.14.5&#8243; _module_preset=&#8221;default&#8221; global_colors_info=&#8221;{}&#8221;][et_pb_image src=&#8221;https:\/\/ttchlodnictwo.pl\/wp-content\/uploads\/2018\/03\/LOGO-CDR.png&#8221; title_text=&#8221;LOGO CDR&#8221; _builder_version=&#8221;4.14.5&#8243; _module_preset=&#8221;default&#8221; global_colors_info=&#8221;{}&#8221;][\/et_pb_image][\/et_pb_column][et_pb_column type=&#8221;1_4&#8243; _builder_version=&#8221;4.14.5&#8243; _module_preset=&#8221;default&#8221; global_colors_info=&#8221;{}&#8221;][et_pb_text admin_label=&#8221;Text&#8221; _builder_version=&#8221;4.14.6&#8243; background_size=&#8221;initial&#8221; background_position=&#8221;top_left&#8221; background_repeat=&#8221;repeat&#8221; module_alignment=&#8221;left&#8221; text_orientation_tablet=&#8221;&#8221; text_orientation_phone=&#8221;center&#8221; text_orientation_last_edited=&#8221;on|phone&#8221; global_colors_info=&#8221;{}&#8221;]<\/p>\n<p><strong>Adres:<br \/><\/strong><span style=\"color: rgba(0, 65, 130, 0.78);\"><a href=\"https:\/\/www.google.pl\/maps\/place\/T+%26+T+Ch%C5%82odnictwo+s.c.\/@51.8882062,17.0997881,17z\/data=!3m1!4b1!4m5!3m4!1s0x47050de017be1ee1:0xcb1572105f9bb48b!8m2!3d51.8882029!4d17.1019768\" style=\"color: rgba(0, 65, 130, 0.78);\">T&amp;T Ch\u0142odnictwo Sp. z o.o.<\/a><\/span><br \/><span style=\"color: rgba(0, 65, 130, 0.78);\"><a href=\"https:\/\/www.google.pl\/maps\/place\/T+%26+T+Ch%C5%82odnictwo+s.c.\/@51.8882062,17.0997881,17z\/data=!3m1!4b1!4m5!3m4!1s0x47050de017be1ee1:0xcb1572105f9bb48b!8m2!3d51.8882029!4d17.1019768\" style=\"color: rgba(0, 65, 130, 0.78);\"> ul. Warszawska 100 <br \/>63-820 Piaski<\/a><\/span><\/p>\n<p><strong>Telefon stacjonarny:<span>\u00a0<\/span><\/strong><span><span style=\"color: rgba(0, 65, 130, 0.78);\"><a href=\"tel:655722258\" style=\"color: rgba(0, 65, 130, 0.78);\">65 572 22 5<\/a>8<\/span><br \/><\/span><span><\/span><strong>E-mail:<\/strong>\u00a0<span style=\"color: rgba(0, 65, 130, 0.78);\"><a href=\"mailto:info@ttchlodnictwo.pl\" style=\"color: rgba(0, 65, 130, 0.78);\">info@ttchlodnictwo.pl<\/a><\/span><\/p>\n<p>[\/et_pb_text][\/et_pb_column][et_pb_column type=&#8221;1_4&#8243; _builder_version=&#8221;4.14.5&#8243; _module_preset=&#8221;default&#8221; global_colors_info=&#8221;{}&#8221;][\/et_pb_column][\/et_pb_row][\/et_pb_section]<\/p>\n","protected":false},"excerpt":{"rendered":"<p>przemys\u0142, biuro, mieszkanieFirma T&amp;T Ch\u0142odnictwo specjalizuje si\u0119 w budowie system\u00f3w wentylacji. Rocznie wykonujemy kilka du\u017cych projekt\u00f3w, przez co po 10 latach istnienia na rynku lista zako\u0144czonych przez nas realizacji jest do\u015b\u0107 poka\u017ana. To mo\u017ce r\u00f3wnie\u017c przekona\u0107 Klient\u00f3w, jak du\u017cym do\u015bwiadczeniem dysponujemy zar\u00f3wno w projekcie, monta\u017cu, doborze komponent\u00f3w jak i p\u00f3\u017aniejszym serwisowaniu uk\u0142ad\u00f3w ch\u0142odniczych. Nasza oferta [&hellip;]<\/p>\n","protected":false},"author":1,"featured_media":0,"parent":0,"menu_order":0,"comment_status":"closed","ping_status":"closed","template":"","meta":{"_et_pb_use_builder":"on","_et_pb_old_content":"","_et_gb_content_width":"","footnotes":""},"class_list":["post-619","page","type-page","status-publish","hentry"],"_links":{"self":[{"href":"https:\/\/ttchlodnictwo.pl\/index.php\/wp-json\/wp\/v2\/pages\/619","targetHints":{"allow":["GET"]}}],"collection":[{"href":"https:\/\/ttchlodnictwo.pl\/index.php\/wp-json\/wp\/v2\/pages"}],"about":[{"href":"https:\/\/ttchlodnictwo.pl\/index.php\/wp-json\/wp\/v2\/types\/page"}],"author":[{"embeddable":true,"href":"https:\/\/ttchlodnictwo.pl\/index.php\/wp-json\/wp\/v2\/users\/1"}],"replies":[{"embeddable":true,"href":"https:\/\/ttchlodnictwo.pl\/index.php\/wp-json\/wp\/v2\/comments?post=619"}],"version-history":[{"count":9,"href":"https:\/\/ttchlodnictwo.pl\/index.php\/wp-json\/wp\/v2\/pages\/619\/revisions"}],"predecessor-version":[{"id":1690,"href":"https:\/\/ttchlodnictwo.pl\/index.php\/wp-json\/wp\/v2\/pages\/619\/revisions\/1690"}],"wp:attachment":[{"href":"https:\/\/ttchlodnictwo.pl\/index.php\/wp-json\/wp\/v2\/media?parent=619"}],"curies":[{"name":"wp","href":"https:\/\/api.w.org\/{rel}","templated":true}]}}