{"id":205,"date":"2017-11-28T08:24:16","date_gmt":"2017-11-28T07:24:16","guid":{"rendered":"http:\/\/ttchlodnictwo.pl\/?page_id=205"},"modified":"2022-01-17T16:03:54","modified_gmt":"2022-01-17T15:03:54","slug":"realizacje","status":"publish","type":"page","link":"https:\/\/ttchlodnictwo.pl\/index.php\/realizacje\/","title":{"rendered":"Realizacje"},"content":{"rendered":"<p>[et_pb_section fb_built=&#8221;1&#8243; fullwidth=&#8221;on&#8221; _builder_version=&#8221;3.22&#8243; global_colors_info=&#8221;{}&#8221;][et_pb_fullwidth_header title=&#8221;REALIZACJE&#8221; background_overlay_color=&#8221;rgba(0,65,130,0.78)&#8221; _builder_version=&#8221;4.14.6&#8243; _module_preset=&#8221;default&#8221; background_image=&#8221;https:\/\/ttchlodnictwo.pl\/wp-content\/uploads\/2022\/01\/fsd-e1641903224222.jpg&#8221; custom_padding=&#8221;40px||||false|false&#8221; global_colors_info=&#8221;{}&#8221;]<\/p>\n<p>zach\u0119camy do zapoznania si\u0119 z zrealizowanymi projektami<\/p>\n<p>[\/et_pb_fullwidth_header][\/et_pb_section][et_pb_section fb_built=&#8221;1&#8243; _builder_version=&#8221;3.22&#8243; global_colors_info=&#8221;{}&#8221;][et_pb_row _builder_version=&#8221;4.14.6&#8243; background_size=&#8221;initial&#8221; background_position=&#8221;top_left&#8221; background_repeat=&#8221;repeat&#8221; hover_enabled=&#8221;0&#8243; global_colors_info=&#8221;{}&#8221; use_custom_gutter=&#8221;on&#8221; gutter_width=&#8221;1&#8243; width=&#8221;100%&#8221; max_width=&#8221;2560px&#8221; sticky_enabled=&#8221;0&#8243;][et_pb_column type=&#8221;4_4&#8243; _builder_version=&#8221;3.25&#8243; custom_padding=&#8221;|||&#8221; global_colors_info=&#8221;{}&#8221; custom_padding__hover=&#8221;|||&#8221;][et_pb_text _builder_version=&#8221;3.27.4&#8243; global_colors_info=&#8221;{}&#8221;]<\/p>\n<h1 style=\"text-align: center;\">Kilka przyk\u0142adowych realizacji wykonanych przez Nasz\u0105 firm\u0119 !<\/h1>\n<p>[\/et_pb_text][et_pb_filterable_portfolio fullwidth=&#8221;off&#8221; show_categories=&#8221;off&#8221; zoom_icon_color=&#8221;#FFFFFF&#8221; hover_overlay_color=&#8221;rgba(0,65,130,0.78)&#8221; hover_icon=&#8221;&#xe00f;||divi||400&#8243; _builder_version=&#8221;4.14.6&#8243; _module_preset=&#8221;default&#8221; hover_enabled=&#8221;0&#8243; global_colors_info=&#8221;{}&#8221; sticky_enabled=&#8221;0&#8243; custom_margin=&#8221;53px|||||&#8221;][\/et_pb_filterable_portfolio][et_pb_code _builder_version=&#8221;3.0.105&#8243; global_colors_info=&#8221;{}&#8221;][\/et_pb_code][\/et_pb_column][\/et_pb_row][\/et_pb_section][et_pb_section fb_built=&#8221;1&#8243; fullwidth=&#8221;on&#8221; _builder_version=&#8221;3.22&#8243; global_module=&#8221;1307&#8243; global_colors_info=&#8221;{}&#8221;][et_pb_fullwidth_header text_orientation=&#8221;center&#8221; button_two_text=&#8221;Zadzwo\u0144&#8221; button_two_url=&#8221;tel:607090161&#8243; background_overlay_color=&#8221;rgba(0,65,130,0.78)&#8221; _builder_version=&#8221;4.14.6&#8243; _module_preset=&#8221;default&#8221; content_font_size=&#8221;18px&#8221; background_image=&#8221;https:\/\/ttchlodnictwo.pl\/wp-content\/uploads\/2022\/01\/DSCF8552.jpg&#8221; custom_button_one=&#8221;on&#8221; button_one_text_size=&#8221;19px&#8221; button_one_custom_margin_tablet=&#8221;&#8221; button_one_custom_margin_phone=&#8221;|||16px|false|false&#8221; button_one_custom_margin_last_edited=&#8221;on|phone&#8221; custom_margin=&#8221;0px||||false|false&#8221; custom_padding=&#8221;40px||||false|false&#8221; global_colors_info=&#8221;{}&#8221;]<\/p>\n<p align=\"justify\" style=\"text-align: center;\"><span style=\"color: #ffffff; font-size: small;\"><img loading=\"lazy\" decoding=\"async\" src=\"https:\/\/ttchlodnictwo.pl\/wp-content\/uploads\/2022\/01\/serwis100.png\" width=\"100\" height=\"100\" alt=\"\" class=\"wp-image-1121 aligncenter size-full\" \/><\/span><\/p>\n<p align=\"justify\" style=\"text-align: center;\"><span style=\"color: #ffffff; font-size: small;\"><\/span><\/p>\n<p align=\"justify\" style=\"text-align: center;\"><span style=\"color: #ffffff; font-size: small;\"><\/span><\/p>\n<p align=\"justify\" style=\"text-align: center;\"><span style=\"color: #ffffff; font-size: small;\"><br \/><span style=\"font-size: x-large;\"><br \/>Serwis ca\u0142odobowy<\/span><\/span><\/p>\n<p>&nbsp;<\/p>\n<p align=\"justify\" style=\"text-align: center;\"><span style=\"color: #ffffff; font-size: small;\">tel: <a href=\"tel:607090161\" style=\"color: #ffffff;\">607 090 161<\/a><br \/>tel. <a href=\"tel:607431931\" style=\"color: #ffffff;\">607 431 931<\/a><\/span><\/p>\n<p align=\"justify\" style=\"text-align: center;\"><span style=\"color: #ffffff; font-size: small;\"><a style=\"color: #ffffff;\" href=\"mailto:karol@ttchlodnictwo.pl\">karol@ttch<\/a><\/span><span style=\"color: #ffffff; font-size: small;\"><a style=\"color: #ffffff;\" href=\"mailto:karol@ttchlodnictwo.pl\">lodnictwo.pl<\/a><\/span><\/p>\n<p>[\/et_pb_fullwidth_header][\/et_pb_section][et_pb_section fb_built=&#8221;1&#8243; _builder_version=&#8221;4.14.5&#8243; _module_preset=&#8221;default&#8221; background_color=&#8221;#f2f2f2&#8243; background_enable_image=&#8221;off&#8221; global_module=&#8221;1305&#8243; saved_tabs=&#8221;all&#8221; global_colors_info=&#8221;{}&#8221;][et_pb_row column_structure=&#8221;1_4,1_4,1_4,1_4&#8243; _builder_version=&#8221;4.14.5&#8243; _module_preset=&#8221;default&#8221; background_enable_image=&#8221;off&#8221; global_colors_info=&#8221;{}&#8221;][et_pb_column type=&#8221;1_4&#8243; _builder_version=&#8221;4.14.5&#8243; _module_preset=&#8221;default&#8221; global_colors_info=&#8221;{}&#8221;][\/et_pb_column][et_pb_column type=&#8221;1_4&#8243; _builder_version=&#8221;4.14.5&#8243; _module_preset=&#8221;default&#8221; global_colors_info=&#8221;{}&#8221;][et_pb_image src=&#8221;https:\/\/ttchlodnictwo.pl\/wp-content\/uploads\/2018\/03\/LOGO-CDR.png&#8221; title_text=&#8221;LOGO CDR&#8221; _builder_version=&#8221;4.14.5&#8243; _module_preset=&#8221;default&#8221; global_colors_info=&#8221;{}&#8221;][\/et_pb_image][\/et_pb_column][et_pb_column type=&#8221;1_4&#8243; _builder_version=&#8221;4.14.5&#8243; _module_preset=&#8221;default&#8221; global_colors_info=&#8221;{}&#8221;][et_pb_text admin_label=&#8221;Text&#8221; _builder_version=&#8221;4.14.6&#8243; background_size=&#8221;initial&#8221; background_position=&#8221;top_left&#8221; background_repeat=&#8221;repeat&#8221; module_alignment=&#8221;left&#8221; text_orientation_tablet=&#8221;&#8221; text_orientation_phone=&#8221;center&#8221; text_orientation_last_edited=&#8221;on|phone&#8221; global_colors_info=&#8221;{}&#8221;]<\/p>\n<p><strong>Adres:<br \/><\/strong><span style=\"color: #00a0e3;\"><a href=\"https:\/\/www.google.pl\/maps\/place\/T+%26+T+Ch%C5%82odnictwo+s.c.\/@51.8882062,17.0997881,17z\/data=!3m1!4b1!4m5!3m4!1s0x47050de017be1ee1:0xcb1572105f9bb48b!8m2!3d51.8882029!4d17.1019768\" style=\"color: #00a0e3;\">T&amp;T Ch\u0142odnictwo Sp. z o.o.<\/a><\/span><br \/><span style=\"color: #00a0e3;\"><a href=\"https:\/\/www.google.pl\/maps\/place\/T+%26+T+Ch%C5%82odnictwo+s.c.\/@51.8882062,17.0997881,17z\/data=!3m1!4b1!4m5!3m4!1s0x47050de017be1ee1:0xcb1572105f9bb48b!8m2!3d51.8882029!4d17.1019768\" style=\"color: #00a0e3;\"> ul. Warszawska 100 <br \/>63-820 Piaski<\/a><\/span><\/p>\n<p><strong>Telefon stacjonarny:<span>\u00a0<\/span><\/strong><span><span style=\"color: #00a0e3;\"><a href=\"tel:655722258\" style=\"color: #00a0e3;\">65 572 22 5<\/a>8<\/span><br \/><\/span><span><\/span><strong>E-mail:<\/strong>\u00a0<span style=\"color: #00a0e3;\"><a href=\"mailto:info@ttchlodnictwo.pl\" style=\"color: #00a0e3;\">info@ttchlodnictwo.pl<\/a><\/span><\/p>\n<p>[\/et_pb_text][\/et_pb_column][et_pb_column type=&#8221;1_4&#8243; _builder_version=&#8221;4.14.5&#8243; _module_preset=&#8221;default&#8221; global_colors_info=&#8221;{}&#8221;][\/et_pb_column][\/et_pb_row][\/et_pb_section]<\/p>\n","protected":false},"excerpt":{"rendered":"<p>zach\u0119camy do zapoznania si\u0119 z zrealizowanymi projektamiKilka przyk\u0142adowych realizacji wykonanych przez Nasz\u0105 firm\u0119 ! Serwis ca\u0142odobowy &nbsp; tel: 607 090 161tel. 607 431 931 karol@ttchlodnictwo.plAdres:T&amp;T Ch\u0142odnictwo Sp. z o.o. ul. Warszawska 100 63-820 Piaski Telefon stacjonarny:\u00a065 572 22 58E-mail:\u00a0info@ttchlodnictwo.pl<\/p>\n","protected":false},"author":1,"featured_media":0,"parent":0,"menu_order":0,"comment_status":"closed","ping_status":"closed","template":"","meta":{"_et_pb_use_builder":"on","_et_pb_old_content":"","_et_gb_content_width":"","footnotes":""},"class_list":["post-205","page","type-page","status-publish","hentry"],"_links":{"self":[{"href":"https:\/\/ttchlodnictwo.pl\/index.php\/wp-json\/wp\/v2\/pages\/205","targetHints":{"allow":["GET"]}}],"collection":[{"href":"https:\/\/ttchlodnictwo.pl\/index.php\/wp-json\/wp\/v2\/pages"}],"about":[{"href":"https:\/\/ttchlodnictwo.pl\/index.php\/wp-json\/wp\/v2\/types\/page"}],"author":[{"embeddable":true,"href":"https:\/\/ttchlodnictwo.pl\/index.php\/wp-json\/wp\/v2\/users\/1"}],"replies":[{"embeddable":true,"href":"https:\/\/ttchlodnictwo.pl\/index.php\/wp-json\/wp\/v2\/comments?post=205"}],"version-history":[{"count":21,"href":"https:\/\/ttchlodnictwo.pl\/index.php\/wp-json\/wp\/v2\/pages\/205\/revisions"}],"predecessor-version":[{"id":1461,"href":"https:\/\/ttchlodnictwo.pl\/index.php\/wp-json\/wp\/v2\/pages\/205\/revisions\/1461"}],"wp:attachment":[{"href":"https:\/\/ttchlodnictwo.pl\/index.php\/wp-json\/wp\/v2\/media?parent=205"}],"curies":[{"name":"wp","href":"https:\/\/api.w.org\/{rel}","templated":true}]}}