{"id":1822,"date":"2022-10-03T22:13:07","date_gmt":"2022-10-03T20:13:07","guid":{"rendered":"https:\/\/ttchlodnictwo.pl\/index.php\/uzywane-4\/"},"modified":"2022-10-03T22:17:20","modified_gmt":"2022-10-03T20:17:20","slug":"uzywane-chlodnice-parowniki","status":"publish","type":"page","link":"https:\/\/ttchlodnictwo.pl\/index.php\/uzywane-chlodnice-parowniki\/","title":{"rendered":"uzywane ch\u0142odnice_parowniki"},"content":{"rendered":"<p>[et_pb_section fb_built=&#8221;1&#8243; fullwidth=&#8221;on&#8221; _builder_version=&#8221;4.16&#8243; global_colors_info=&#8221;{}&#8221;][et_pb_fullwidth_header title=&#8221;CH\u0141ODNICE \/ PAROWNIKI&#8221; background_overlay_color=&#8221;rgba(0,65,130,0.78)&#8221; _builder_version=&#8221;4.18.0&#8243; _module_preset=&#8221;default&#8221; background_image=&#8221;https:\/\/ttchlodnictwo.pl\/wp-content\/uploads\/2022\/01\/DJI_0364-scaled.jpg&#8221; custom_padding=&#8221;40px||||false|false&#8221; hover_enabled=&#8221;0&#8243; global_colors_info=&#8221;{}&#8221; sticky_enabled=&#8221;0&#8243;]<\/p>\n<p>U\u017bYWANE<\/p>\n<p>[\/et_pb_fullwidth_header][\/et_pb_section][et_pb_section fb_built=&#8221;1&#8243; admin_label=&#8221;section&#8221; _builder_version=&#8221;4.16&#8243; custom_padding=&#8221;0px|0px|0px|0px&#8221; global_colors_info=&#8221;{}&#8221;][et_pb_row use_custom_gutter=&#8221;on&#8221; gutter_width=&#8221;2&#8243; admin_label=&#8221;row&#8221; _builder_version=&#8221;4.16&#8243; background_size=&#8221;initial&#8221; background_position=&#8221;top_left&#8221; background_repeat=&#8221;repeat&#8221; custom_margin=&#8221;|auto|38px|auto||&#8221; custom_padding=&#8221;18px|0px|0px|0px||&#8221; global_colors_info=&#8221;{}&#8221;][et_pb_column type=&#8221;4_4&#8243; _builder_version=&#8221;4.16&#8243; custom_padding=&#8221;|||&#8221; global_colors_info=&#8221;{}&#8221; custom_padding__hover=&#8221;|||&#8221;][et_pb_filterable_portfolio fullwidth=&#8221;off&#8221; posts_number=&#8221;99&#8243; include_categories=&#8221;62&#8243; _builder_version=&#8221;4.18.0&#8243; _module_preset=&#8221;default&#8221; hover_enabled=&#8221;0&#8243; global_colors_info=&#8221;{}&#8221; sticky_enabled=&#8221;0&#8243;][\/et_pb_filterable_portfolio][\/et_pb_column][\/et_pb_row][\/et_pb_section][et_pb_section fb_built=&#8221;1&#8243; fullwidth=&#8221;on&#8221; _builder_version=&#8221;3.22&#8243; global_module=&#8221;1307&#8243; global_colors_info=&#8221;{}&#8221;][et_pb_fullwidth_header text_orientation=&#8221;center&#8221; button_two_text=&#8221;Zadzwo\u0144&#8221; button_two_url=&#8221;tel:607090161&#8243; background_overlay_color=&#8221;rgba(0,65,130,0.78)&#8221; _builder_version=&#8221;4.16&#8243; _module_preset=&#8221;default&#8221; content_font_size=&#8221;18px&#8221; background_image=&#8221;https:\/\/ttchlodnictwo.pl\/wp-content\/uploads\/2022\/01\/DSCF8552.jpg&#8221; custom_button_one=&#8221;on&#8221; button_one_text_size=&#8221;19px&#8221; button_one_custom_margin_tablet=&#8221;&#8221; button_one_custom_margin_phone=&#8221;|||16px|false|false&#8221; button_one_custom_margin_last_edited=&#8221;on|phone&#8221; custom_margin=&#8221;0px||||false|false&#8221; custom_padding=&#8221;40px||||false|false&#8221; global_colors_info=&#8221;{}&#8221;]<\/p>\n<p align=\"justify\" style=\"text-align: center;\"><span style=\"color: #ffffff; font-size: small;\"><img loading=\"lazy\" decoding=\"async\" src=\"https:\/\/ttchlodnictwo.pl\/wp-content\/uploads\/2022\/01\/serwis100.png\" width=\"100\" height=\"100\" alt=\"\" class=\"wp-image-1121 aligncenter size-full\" \/><\/span><\/p>\n<p align=\"justify\" style=\"text-align: center;\"><span style=\"color: #ffffff; font-size: small;\"><\/span><\/p>\n<p align=\"justify\" style=\"text-align: center;\"><span style=\"color: #ffffff; font-size: small;\"><\/span><\/p>\n<p align=\"justify\" style=\"text-align: center;\"><span style=\"color: #ffffff; font-size: small;\"><br \/><span style=\"font-size: x-large;\"><br \/>Serwis ca\u0142odobowy<\/span><\/span><\/p>\n<p>&nbsp;<\/p>\n<p align=\"justify\" style=\"text-align: center;\"><span style=\"color: #ffffff; font-size: small;\">tel: <a href=\"tel:607090161\" style=\"color: #ffffff;\">607 090 161<\/a><br \/>tel. <a href=\"tel:607431931\" style=\"color: #ffffff;\">607 431 931<\/a><\/span><\/p>\n<p align=\"justify\" style=\"text-align: center;\"><span style=\"color: #ffffff; font-size: small;\"><a style=\"color: #ffffff;\" href=\"mailto:karol@ttchlodnictwo.pl\">karol@ttch<\/a><\/span><span style=\"color: #ffffff; font-size: small;\"><a style=\"color: #ffffff;\" href=\"mailto:karol@ttchlodnictwo.pl\">lodnictwo.pl<\/a><\/span><\/p>\n<p>[\/et_pb_fullwidth_header][\/et_pb_section][et_pb_section fb_built=&#8221;1&#8243; _builder_version=&#8221;4.14.5&#8243; _module_preset=&#8221;default&#8221; background_color=&#8221;#f2f2f2&#8243; background_enable_image=&#8221;off&#8221; global_module=&#8221;1305&#8243; saved_tabs=&#8221;all&#8221; global_colors_info=&#8221;{}&#8221;][et_pb_row column_structure=&#8221;1_4,1_4,1_4,1_4&#8243; _builder_version=&#8221;4.16&#8243; _module_preset=&#8221;default&#8221; background_enable_image=&#8221;off&#8221; global_colors_info=&#8221;{}&#8221;][et_pb_column type=&#8221;1_4&#8243; _builder_version=&#8221;4.16&#8243; _module_preset=&#8221;default&#8221; global_colors_info=&#8221;{}&#8221;][\/et_pb_column][et_pb_column type=&#8221;1_4&#8243; _builder_version=&#8221;4.16&#8243; _module_preset=&#8221;default&#8221; global_colors_info=&#8221;{}&#8221;][et_pb_image src=&#8221;https:\/\/ttchlodnictwo.pl\/wp-content\/uploads\/2018\/03\/LOGO-CDR.png&#8221; title_text=&#8221;LOGO CDR&#8221; _builder_version=&#8221;4.16&#8243; _module_preset=&#8221;default&#8221; global_colors_info=&#8221;{}&#8221;][\/et_pb_image][\/et_pb_column][et_pb_column type=&#8221;1_4&#8243; _builder_version=&#8221;4.16&#8243; _module_preset=&#8221;default&#8221; global_colors_info=&#8221;{}&#8221;][et_pb_text admin_label=&#8221;Text&#8221; _builder_version=&#8221;4.16&#8243; background_size=&#8221;initial&#8221; background_position=&#8221;top_left&#8221; background_repeat=&#8221;repeat&#8221; module_alignment=&#8221;left&#8221; text_orientation_tablet=&#8221;&#8221; text_orientation_phone=&#8221;center&#8221; text_orientation_last_edited=&#8221;on|phone&#8221; global_colors_info=&#8221;{}&#8221;]<\/p>\n<p><strong>Adres:<br \/><\/strong><span style=\"color: rgba(0, 65, 130, 0.78);\"><a href=\"https:\/\/www.google.pl\/maps\/place\/T+%26+T+Ch%C5%82odnictwo+s.c.\/@51.8882062,17.0997881,17z\/data=!3m1!4b1!4m5!3m4!1s0x47050de017be1ee1:0xcb1572105f9bb48b!8m2!3d51.8882029!4d17.1019768\" style=\"color: rgba(0, 65, 130, 0.78);\">T&amp;T Ch\u0142odnictwo Sp. z o.o.<\/a><\/span><br \/><span style=\"color: rgba(0, 65, 130, 0.78);\"><a href=\"https:\/\/www.google.pl\/maps\/place\/T+%26+T+Ch%C5%82odnictwo+s.c.\/@51.8882062,17.0997881,17z\/data=!3m1!4b1!4m5!3m4!1s0x47050de017be1ee1:0xcb1572105f9bb48b!8m2!3d51.8882029!4d17.1019768\" style=\"color: rgba(0, 65, 130, 0.78);\"> ul. Warszawska 100 <br \/>63-820 Piaski<\/a><\/span><\/p>\n<p><strong>Telefon stacjonarny:<span>\u00a0<\/span><\/strong><span><span style=\"color: rgba(0, 65, 130, 0.78);\"><a href=\"tel:655722258\" style=\"color: rgba(0, 65, 130, 0.78);\">65 572 22 5<\/a>8<\/span><br \/><\/span><span><\/span><strong>E-mail:<\/strong>\u00a0<span style=\"color: rgba(0, 65, 130, 0.78);\"><a href=\"mailto:info@ttchlodnictwo.pl\" style=\"color: rgba(0, 65, 130, 0.78);\">info@ttchlodnictwo.pl<\/a><\/span><\/p>\n<p>[\/et_pb_text][\/et_pb_column][et_pb_column type=&#8221;1_4&#8243; _builder_version=&#8221;4.16&#8243; _module_preset=&#8221;default&#8221; global_colors_info=&#8221;{}&#8221;][\/et_pb_column][\/et_pb_row][\/et_pb_section]<\/p>\n","protected":false},"excerpt":{"rendered":"<p>U\u017bYWANE Serwis ca\u0142odobowy &nbsp; tel: 607 090 161tel. 607 431 931 karol@ttchlodnictwo.plAdres:T&amp;T Ch\u0142odnictwo Sp. z o.o. ul. Warszawska 100 63-820 Piaski Telefon stacjonarny:\u00a065 572 22 58E-mail:\u00a0info@ttchlodnictwo.pl<\/p>\n","protected":false},"author":1,"featured_media":0,"parent":0,"menu_order":0,"comment_status":"closed","ping_status":"closed","template":"","meta":{"_et_pb_use_builder":"on","_et_pb_old_content":"<p>[et_pb_section fb_built=\"1\" fullwidth=\"on\" _builder_version=\"4.16\" global_colors_info=\"{}\"][et_pb_fullwidth_header title=\"OFERTA SPRZ\u0118TU U\u017bYWANEGO\" background_overlay_color=\"rgba(0,65,130,0.78)\" _builder_version=\"4.16\" _module_preset=\"default\" background_image=\"https:\/\/ttchlodnictwo.pl\/wp-content\/uploads\/2022\/01\/DJI_0364-scaled.jpg\" custom_padding=\"40px||||false|false\" global_colors_info=\"{}\"][\/et_pb_fullwidth_header][\/et_pb_section][et_pb_section fb_built=\"1\" admin_label=\"section\" _builder_version=\"4.16\" custom_padding=\"0px|0px|0px|0px\" global_colors_info=\"{}\"][et_pb_row column_structure=\"1_4,3_4\" use_custom_gutter=\"on\" gutter_width=\"2\" admin_label=\"row\" _builder_version=\"4.16\" background_size=\"initial\" background_position=\"top_left\" background_repeat=\"repeat\" custom_margin=\"|auto|38px|auto||\" custom_padding=\"18px|0px|0px|0px||\" global_colors_info=\"{}\"][et_pb_column type=\"1_4\" _builder_version=\"4.16\" custom_padding=\"|||\" global_colors_info=\"{}\" custom_padding__hover=\"|||\"][et_pb_text _builder_version=\"4.18.0\" text_font=\"||||||||\" text_font_size=\"34px\" text_line_height=\"1em\" text_orientation=\"right\" custom_margin=\"|0px||\" custom_padding=\"|0px||15px\" text_font_size_tablet=\"34px\" text_font_size_phone=\"30px\" text_font_size_last_edited=\"on|phone\" global_colors_info=\"{}\"]<\/p><p>WYBIERZ KATEGORI\u0118<\/p><p>[\/et_pb_text][\/et_pb_column][et_pb_column type=\"3_4\" _builder_version=\"4.16\" custom_padding=\"|||\" global_colors_info=\"{}\" custom_padding__hover=\"|||\"][et_pb_menu menu_id=\"58\" _builder_version=\"4.18.0\" _module_preset=\"default\" custom_margin=\"|||0px|false|false\" custom_padding=\"||40px|40px|false|false\" hover_enabled=\"0\" border_width_left=\"3px\" border_color_left=\"#00a0e3\" global_colors_info=\"{}\" sticky_enabled=\"0\"][\/et_pb_menu][et_pb_filterable_portfolio fullwidth=\"off\" posts_number=\"99\" _builder_version=\"4.18.0\" _module_preset=\"default\" hover_enabled=\"0\" global_colors_info=\"{}\" include_categories=\"59\" sticky_enabled=\"0\"][\/et_pb_filterable_portfolio][\/et_pb_column][\/et_pb_row][\/et_pb_section][et_pb_section fb_built=\"1\" fullwidth=\"on\" _builder_version=\"3.22\" global_module=\"1307\" global_colors_info=\"{}\"][et_pb_fullwidth_header text_orientation=\"center\" button_two_text=\"Zadzwo\u0144\" button_two_url=\"tel:607090161\" background_overlay_color=\"rgba(0,65,130,0.78)\" _builder_version=\"4.16\" _module_preset=\"default\" content_font_size=\"18px\" background_image=\"https:\/\/ttchlodnictwo.pl\/wp-content\/uploads\/2022\/01\/DSCF8552.jpg\" custom_button_one=\"on\" button_one_text_size=\"19px\" button_one_custom_margin_tablet=\"\" button_one_custom_margin_phone=\"|||16px|false|false\" button_one_custom_margin_last_edited=\"on|phone\" custom_margin=\"0px||||false|false\" custom_padding=\"40px||||false|false\" global_colors_info=\"{}\"]<\/p><p style=\"text-align: center;\" align=\"justify\"><span style=\"color: #ffffff; font-size: small;\"><img class=\"wp-image-1121 aligncenter size-full\" src=\"https:\/\/ttchlodnictwo.pl\/wp-content\/uploads\/2022\/01\/serwis100.png\" alt=\"\" width=\"100\" height=\"100\" \/><\/span><\/p><p style=\"text-align: center;\" align=\"justify\">\u00a0<\/p><p style=\"text-align: center;\" align=\"justify\">\u00a0<\/p><p style=\"text-align: center;\" align=\"justify\"><span style=\"color: #ffffff; font-size: small;\"><br \/><span style=\"font-size: x-large;\"><br \/>Serwis ca\u0142odobowy<\/span><\/span><\/p><p>\u00a0<\/p><p style=\"text-align: center;\" align=\"justify\"><span style=\"color: #ffffff; font-size: small;\">tel: <a style=\"color: #ffffff;\" href=\"tel:607090161\">607 090 161<\/a><br \/>tel. <a style=\"color: #ffffff;\" href=\"tel:607431931\">607 431 931<\/a><\/span><\/p><p style=\"text-align: center;\" align=\"justify\"><span style=\"color: #ffffff; font-size: small;\"><a style=\"color: #ffffff;\" href=\"mailto:karol@ttchlodnictwo.pl\">karol@ttch<\/a><\/span><span style=\"color: #ffffff; font-size: small;\"><a style=\"color: #ffffff;\" href=\"mailto:karol@ttchlodnictwo.pl\">lodnictwo.pl<\/a><\/span><\/p><p>[\/et_pb_fullwidth_header][\/et_pb_section][et_pb_section fb_built=\"1\" _builder_version=\"4.14.5\" _module_preset=\"default\" background_color=\"#f2f2f2\" background_enable_image=\"off\" global_module=\"1305\" saved_tabs=\"all\" global_colors_info=\"{}\"][et_pb_row column_structure=\"1_4,1_4,1_4,1_4\" _builder_version=\"4.16\" _module_preset=\"default\" background_enable_image=\"off\" global_colors_info=\"{}\"][et_pb_column type=\"1_4\" _builder_version=\"4.16\" _module_preset=\"default\" global_colors_info=\"{}\"][\/et_pb_column][et_pb_column type=\"1_4\" _builder_version=\"4.16\" _module_preset=\"default\" global_colors_info=\"{}\"][et_pb_image src=\"https:\/\/ttchlodnictwo.pl\/wp-content\/uploads\/2018\/03\/LOGO-CDR.png\" title_text=\"LOGO CDR\" _builder_version=\"4.16\" _module_preset=\"default\" global_colors_info=\"{}\"][\/et_pb_image][\/et_pb_column][et_pb_column type=\"1_4\" _builder_version=\"4.16\" _module_preset=\"default\" global_colors_info=\"{}\"][et_pb_text admin_label=\"Text\" _builder_version=\"4.16\" background_size=\"initial\" background_position=\"top_left\" background_repeat=\"repeat\" module_alignment=\"left\" text_orientation_tablet=\"\" text_orientation_phone=\"center\" text_orientation_last_edited=\"on|phone\" global_colors_info=\"{}\"]<\/p><p><strong>Adres:<br \/><\/strong><span style=\"color: rgba(0, 65, 130, 0.78);\"><a style=\"color: rgba(0, 65, 130, 0.78);\" href=\"https:\/\/www.google.pl\/maps\/place\/T+%26+T+Ch%C5%82odnictwo+s.c.\/@51.8882062,17.0997881,17z\/data=!3m1!4b1!4m5!3m4!1s0x47050de017be1ee1:0xcb1572105f9bb48b!8m2!3d51.8882029!4d17.1019768\">T&T Ch\u0142odnictwo Sp. z o.o.<\/a><\/span><br \/><span style=\"color: rgba(0, 65, 130, 0.78);\"><a style=\"color: rgba(0, 65, 130, 0.78);\" href=\"https:\/\/www.google.pl\/maps\/place\/T+%26+T+Ch%C5%82odnictwo+s.c.\/@51.8882062,17.0997881,17z\/data=!3m1!4b1!4m5!3m4!1s0x47050de017be1ee1:0xcb1572105f9bb48b!8m2!3d51.8882029!4d17.1019768\"> ul. Warszawska 100 <br \/>63-820 Piaski<\/a><\/span><\/p><p><strong>Telefon stacjonarny:\u00a0<\/strong><span style=\"color: rgba(0, 65, 130, 0.78);\"><a style=\"color: rgba(0, 65, 130, 0.78);\" href=\"tel:655722258\">65 572 22 5<\/a>8<\/span><br \/><strong>E-mail:<\/strong>\u00a0<span style=\"color: rgba(0, 65, 130, 0.78);\"><a style=\"color: rgba(0, 65, 130, 0.78);\" href=\"mailto:info@ttchlodnictwo.pl\">info@ttchlodnictwo.pl<\/a><\/span><\/p><p>[\/et_pb_text][\/et_pb_column][et_pb_column type=\"1_4\" _builder_version=\"4.16\" _module_preset=\"default\" global_colors_info=\"{}\"][\/et_pb_column][\/et_pb_row][\/et_pb_section]<\/p>","_et_gb_content_width":"","footnotes":""},"class_list":["post-1822","page","type-page","status-publish","hentry"],"_links":{"self":[{"href":"https:\/\/ttchlodnictwo.pl\/index.php\/wp-json\/wp\/v2\/pages\/1822","targetHints":{"allow":["GET"]}}],"collection":[{"href":"https:\/\/ttchlodnictwo.pl\/index.php\/wp-json\/wp\/v2\/pages"}],"about":[{"href":"https:\/\/ttchlodnictwo.pl\/index.php\/wp-json\/wp\/v2\/types\/page"}],"author":[{"embeddable":true,"href":"https:\/\/ttchlodnictwo.pl\/index.php\/wp-json\/wp\/v2\/users\/1"}],"replies":[{"embeddable":true,"href":"https:\/\/ttchlodnictwo.pl\/index.php\/wp-json\/wp\/v2\/comments?post=1822"}],"version-history":[{"count":3,"href":"https:\/\/ttchlodnictwo.pl\/index.php\/wp-json\/wp\/v2\/pages\/1822\/revisions"}],"predecessor-version":[{"id":1833,"href":"https:\/\/ttchlodnictwo.pl\/index.php\/wp-json\/wp\/v2\/pages\/1822\/revisions\/1833"}],"wp:attachment":[{"href":"https:\/\/ttchlodnictwo.pl\/index.php\/wp-json\/wp\/v2\/media?parent=1822"}],"curies":[{"name":"wp","href":"https:\/\/api.w.org\/{rel}","templated":true}]}}